{"id":101,"date":"2012-12-12T16:22:32","date_gmt":"2012-12-12T15:22:32","guid":{"rendered":"http:\/\/localhost\/wordpress\/?page_id=101"},"modified":"2023-03-26T13:10:15","modified_gmt":"2023-03-26T11:10:15","slug":"anfahrt","status":"publish","type":"page","link":"https:\/\/tc-selters-ww.de\/index.php\/anfahrt\/","title":{"rendered":"Anfahrt"},"content":{"rendered":"<p><iframe loading=\"lazy\" width=\"640\" height=\"480\" frameborder=\"0\" scrolling=\"no\" marginheight=\"0\" marginwidth=\"0\" src=\"https:\/\/maps.google.com\/maps?f=q&amp;source=s_q&amp;hl=de&amp;geocode=&amp;q=selters+westerwald&amp;aq=&amp;sll=37.0625,-95.677068&amp;sspn=65.93951,135.263672&amp;ie=UTF8&amp;hq=&amp;hnear=Selters+(Taunus),+Gie%C3%9Fen,+Hessen,+Deutschland&amp;t=h&amp;ll=50.528229,7.747142&amp;spn=0.003274,0.006866&amp;z=17&amp;output=embed\"><\/iframe><br><small><a href=\"https:\/\/maps.google.com\/maps?f=q&amp;source=embed&amp;hl=de&amp;geocode=&amp;q=selters+westerwald&amp;aq=&amp;sll=37.0625,-95.677068&amp;sspn=65.93951,135.263672&amp;ie=UTF8&amp;hq=&amp;hnear=Selters+(Taunus),+Gie%C3%9Fen,+Hessen,+Deutschland&amp;t=h&amp;ll=50.528229,7.747142&amp;spn=0.003274,0.006866&amp;z=17\" style=\"color:#0000FF;text-align:left\">Gr\u00f6\u00dfere Kartenansicht<\/a><\/small><\/p>\n\n\n<p>R\u00fcckersteg, 56242 Selters<\/p>\n\n\n\n<p><\/p>\n","protected":false},"excerpt":{"rendered":"<p>Gr\u00f6\u00dfere Kartenansicht R\u00fcckersteg, 56242 Selters<\/p>\n","protected":false},"author":10,"featured_media":0,"parent":0,"menu_order":7,"comment_status":"closed","ping_status":"closed","template":"","meta":{"_kadence_starter_templates_imported_post":false,"footnotes":""},"class_list":["post-101","page","type-page","status-publish","hentry"],"_links":{"self":[{"href":"https:\/\/tc-selters-ww.de\/index.php\/wp-json\/wp\/v2\/pages\/101","targetHints":{"allow":["GET"]}}],"collection":[{"href":"https:\/\/tc-selters-ww.de\/index.php\/wp-json\/wp\/v2\/pages"}],"about":[{"href":"https:\/\/tc-selters-ww.de\/index.php\/wp-json\/wp\/v2\/types\/page"}],"author":[{"embeddable":true,"href":"https:\/\/tc-selters-ww.de\/index.php\/wp-json\/wp\/v2\/users\/10"}],"replies":[{"embeddable":true,"href":"https:\/\/tc-selters-ww.de\/index.php\/wp-json\/wp\/v2\/comments?post=101"}],"version-history":[{"count":6,"href":"https:\/\/tc-selters-ww.de\/index.php\/wp-json\/wp\/v2\/pages\/101\/revisions"}],"predecessor-version":[{"id":1177,"href":"https:\/\/tc-selters-ww.de\/index.php\/wp-json\/wp\/v2\/pages\/101\/revisions\/1177"}],"wp:attachment":[{"href":"https:\/\/tc-selters-ww.de\/index.php\/wp-json\/wp\/v2\/media?parent=101"}],"curies":[{"name":"wp","href":"https:\/\/api.w.org\/{rel}","templated":true}]}}