{"id":2,"date":"2012-12-11T15:32:52","date_gmt":"2012-12-11T15:32:52","guid":{"rendered":"http:\/\/localhost\/wordpress\/?page_id=2"},"modified":"2022-12-02T00:03:59","modified_gmt":"2022-12-01T23:03:59","slug":"home","status":"publish","type":"page","link":"https:\/\/tc-selters-ww.de\/","title":{"rendered":"Hallo Tennisfreunde&#8230;"},"content":{"rendered":"<p>wir begr\u00fc\u00dfen Sie recht herzlich auf der Homepage des TC Selters e.V. und w\u00fcnschen Ihnen viel Spa\u00df beim Lesen.<br \/>\nWenn Sie Fragen haben, k\u00f6nnen Sie uns nat\u00fcrlich gerne kontaktieren.<\/p>\n<p>Vielleicht haben Sie oder Ihre Kinder im Alter ab f\u00fcnf Jahren Interesse daran, das Tennisspielen zu erlernen? Der TC Selters e.V. nimmt neue Mitglieder immer gerne in seinen Reihen auf.<\/p>\n<p>Kinder, Jugendliche, Erwachsene verschiedenen Alters &#8211; alle sind bei uns willkommen. Wir w\u00fcrden uns freuen, etwas von Ihnen zu h\u00f6ren.<\/p>\n<p>&nbsp;<\/p>\n<p>Der Vorstand<\/p>\n<p>TC Selters e.V.<\/p>\n","protected":false},"excerpt":{"rendered":"<p>wir begr\u00fc\u00dfen Sie recht herzlich auf der Homepage des TC Selters e.V. und w\u00fcnschen Ihnen viel Spa\u00df beim Lesen. Wenn Sie Fragen haben, k\u00f6nnen Sie uns nat\u00fcrlich gerne kontaktieren. Vielleicht haben Sie oder Ihre Kinder im Alter ab f\u00fcnf Jahren Interesse daran, das Tennisspielen zu erlernen? Der TC Selters e.V. nimmt neue Mitglieder immer gerne [&hellip;]<\/p>\n","protected":false},"author":10,"featured_media":1061,"parent":0,"menu_order":0,"comment_status":"closed","ping_status":"closed","template":"sidebar-page.php","meta":{"_kadence_starter_templates_imported_post":false,"footnotes":""},"class_list":["post-2","page","type-page","status-publish","has-post-thumbnail","hentry"],"_links":{"self":[{"href":"https:\/\/tc-selters-ww.de\/index.php\/wp-json\/wp\/v2\/pages\/2","targetHints":{"allow":["GET"]}}],"collection":[{"href":"https:\/\/tc-selters-ww.de\/index.php\/wp-json\/wp\/v2\/pages"}],"about":[{"href":"https:\/\/tc-selters-ww.de\/index.php\/wp-json\/wp\/v2\/types\/page"}],"author":[{"embeddable":true,"href":"https:\/\/tc-selters-ww.de\/index.php\/wp-json\/wp\/v2\/users\/10"}],"replies":[{"embeddable":true,"href":"https:\/\/tc-selters-ww.de\/index.php\/wp-json\/wp\/v2\/comments?post=2"}],"version-history":[{"count":30,"href":"https:\/\/tc-selters-ww.de\/index.php\/wp-json\/wp\/v2\/pages\/2\/revisions"}],"predecessor-version":[{"id":403,"href":"https:\/\/tc-selters-ww.de\/index.php\/wp-json\/wp\/v2\/pages\/2\/revisions\/403"}],"wp:featuredmedia":[{"embeddable":true,"href":"https:\/\/tc-selters-ww.de\/index.php\/wp-json\/wp\/v2\/media\/1061"}],"wp:attachment":[{"href":"https:\/\/tc-selters-ww.de\/index.php\/wp-json\/wp\/v2\/media?parent=2"}],"curies":[{"name":"wp","href":"https:\/\/api.w.org\/{rel}","templated":true}]}}