{"id":21,"date":"2012-12-11T19:14:53","date_gmt":"2012-12-11T19:14:53","guid":{"rendered":"http:\/\/localhost\/wordpress\/?page_id=21"},"modified":"2014-07-01T19:30:14","modified_gmt":"2014-07-01T17:30:14","slug":"impressum","status":"publish","type":"page","link":"https:\/\/tc-selters-ww.de\/index.php\/impressum\/","title":{"rendered":"Impressum"},"content":{"rendered":"<p>Tennis-Club Selters e.V.<\/p>\n<p>R\u00fcckersteg, 56242 Selters<\/p>\n<p>Telefon: 0151 \/ 27034602<\/p>\n<p>E-Mail: &#x69;&#x6e;&#x66;&#x6f;&#x40;&#x74;&#x63;&#x2d;&#x73;&#x65;&#x6c;&#x74;&#x65;&#x72;&#x73;&#x2d;&#x77;&#x77;&#x2e;&#x64;&#x65;<\/p>\n<p>Haftungshinweis: Trotz sorgf\u00e4ltiger inhaltlicher Kontrolle \u00fcbernehmen wir keine Haftung f\u00fcr die Inhalte externer Links. F\u00fcr den Inhalt der verlinkten Seiten sind ausschlie\u00dflich deren Betreiber verantwortlich.<\/p>\n","protected":false},"excerpt":{"rendered":"<p>Tennis-Club Selters e.V. R\u00fcckersteg, 56242 Selters Telefon: 0151 \/ 27034602 E-Mail: &#x69;&#x6e;&#x66;&#x6f;&#x40;&#x74;&#x63;&#x2d;&#115;&#101;&#108;&#116;&#101;&#114;&#115;-ww&#46;&#x64;&#x65; Haftungshinweis: Trotz sorgf\u00e4ltiger inhaltlicher Kontrolle \u00fcbernehmen wir keine Haftung f\u00fcr die Inhalte externer Links. F\u00fcr den Inhalt der verlinkten Seiten sind ausschlie\u00dflich deren Betreiber verantwortlich.<\/p>\n","protected":false},"author":10,"featured_media":0,"parent":0,"menu_order":10,"comment_status":"open","ping_status":"closed","template":"","meta":{"_kadence_starter_templates_imported_post":false,"footnotes":""},"class_list":["post-21","page","type-page","status-publish","hentry"],"_links":{"self":[{"href":"https:\/\/tc-selters-ww.de\/index.php\/wp-json\/wp\/v2\/pages\/21","targetHints":{"allow":["GET"]}}],"collection":[{"href":"https:\/\/tc-selters-ww.de\/index.php\/wp-json\/wp\/v2\/pages"}],"about":[{"href":"https:\/\/tc-selters-ww.de\/index.php\/wp-json\/wp\/v2\/types\/page"}],"author":[{"embeddable":true,"href":"https:\/\/tc-selters-ww.de\/index.php\/wp-json\/wp\/v2\/users\/10"}],"replies":[{"embeddable":true,"href":"https:\/\/tc-selters-ww.de\/index.php\/wp-json\/wp\/v2\/comments?post=21"}],"version-history":[{"count":7,"href":"https:\/\/tc-selters-ww.de\/index.php\/wp-json\/wp\/v2\/pages\/21\/revisions"}],"predecessor-version":[{"id":541,"href":"https:\/\/tc-selters-ww.de\/index.php\/wp-json\/wp\/v2\/pages\/21\/revisions\/541"}],"wp:attachment":[{"href":"https:\/\/tc-selters-ww.de\/index.php\/wp-json\/wp\/v2\/media?parent=21"}],"curies":[{"name":"wp","href":"https:\/\/api.w.org\/{rel}","templated":true}]}}