{"id":232,"date":"2012-12-13T19:24:30","date_gmt":"2012-12-13T18:24:30","guid":{"rendered":"http:\/\/localhost\/wordpress\/?page_id=232"},"modified":"2025-11-08T12:34:32","modified_gmt":"2025-11-08T11:34:32","slug":"gallery","status":"publish","type":"page","link":"https:\/\/tc-selters-ww.de\/index.php\/gallery\/","title":{"rendered":"Gallery"},"content":{"rendered":"\n<figure class=\"wp-block-gallery has-nested-images columns-default is-cropped wp-block-gallery-1 is-layout-flex wp-block-gallery-is-layout-flex\">\n<figure class=\"wp-block-image size-large\"><a href=\"https:\/\/tc-selters-ww.de\/wp-content\/uploads\/2022\/12\/Nikolaus2022-2.jpg\"><img loading=\"lazy\" decoding=\"async\" width=\"1024\" height=\"766\" data-id=\"1118\" src=\"https:\/\/tc-selters-ww.de\/wp-content\/uploads\/2022\/12\/Nikolaus2022-2-1024x766.jpg\" alt=\"\" class=\"wp-image-1118\" srcset=\"https:\/\/tc-selters-ww.de\/wp-content\/uploads\/2022\/12\/Nikolaus2022-2-1024x766.jpg 1024w, https:\/\/tc-selters-ww.de\/wp-content\/uploads\/2022\/12\/Nikolaus2022-2-300x225.jpg 300w, https:\/\/tc-selters-ww.de\/wp-content\/uploads\/2022\/12\/Nikolaus2022-2-768x575.jpg 768w, https:\/\/tc-selters-ww.de\/wp-content\/uploads\/2022\/12\/Nikolaus2022-2.jpg 1200w\" sizes=\"auto, (max-width: 1024px) 100vw, 1024px\" \/><\/a><\/figure>\n\n\n\n<figure class=\"wp-block-image size-large\"><a href=\"https:\/\/tc-selters-ww.de\/wp-content\/uploads\/2022\/12\/Vereinsleben-1-scaled.jpg\"><img loading=\"lazy\" decoding=\"async\" width=\"1024\" height=\"768\" data-id=\"1115\" src=\"https:\/\/tc-selters-ww.de\/wp-content\/uploads\/2022\/12\/Vereinsleben-1-1024x768.jpg\" alt=\"\" class=\"wp-image-1115\" srcset=\"https:\/\/tc-selters-ww.de\/wp-content\/uploads\/2022\/12\/Vereinsleben-1-1024x768.jpg 1024w, https:\/\/tc-selters-ww.de\/wp-content\/uploads\/2022\/12\/Vereinsleben-1-300x225.jpg 300w, https:\/\/tc-selters-ww.de\/wp-content\/uploads\/2022\/12\/Vereinsleben-1-768x576.jpg 768w, https:\/\/tc-selters-ww.de\/wp-content\/uploads\/2022\/12\/Vereinsleben-1-1536x1152.jpg 1536w, https:\/\/tc-selters-ww.de\/wp-content\/uploads\/2022\/12\/Vereinsleben-1-2048x1537.jpg 2048w\" sizes=\"auto, (max-width: 1024px) 100vw, 1024px\" \/><\/a><figcaption class=\"wp-element-caption\">W\u00e4hrend die G\u00e4st*innen auf die frisch zubereiteten Waffeln warteten, konnten sie am Gl\u00fccksrad eine Trainingsstunde, eine Platzmiete oder T\u00fctchen mit s\u00fc\u00dfen Leckereien erspielen.<\/figcaption><\/figure>\n\n\n\n<figure class=\"wp-block-image size-large\"><a href=\"https:\/\/tc-selters-ww.de\/wp-content\/uploads\/2022\/06\/12.06.2022-1.jpg\"><img loading=\"lazy\" decoding=\"async\" width=\"1024\" height=\"424\" data-id=\"1018\" src=\"https:\/\/tc-selters-ww.de\/wp-content\/uploads\/2022\/06\/12.06.2022-1-1024x424.jpg\" alt=\"\" class=\"wp-image-1018\" srcset=\"https:\/\/tc-selters-ww.de\/wp-content\/uploads\/2022\/06\/12.06.2022-1-1024x424.jpg 1024w, https:\/\/tc-selters-ww.de\/wp-content\/uploads\/2022\/06\/12.06.2022-1-300x124.jpg 300w, https:\/\/tc-selters-ww.de\/wp-content\/uploads\/2022\/06\/12.06.2022-1-768x318.jpg 768w, https:\/\/tc-selters-ww.de\/wp-content\/uploads\/2022\/06\/12.06.2022-1-1536x636.jpg 1536w, https:\/\/tc-selters-ww.de\/wp-content\/uploads\/2022\/06\/12.06.2022-1-2048x848.jpg 2048w, https:\/\/tc-selters-ww.de\/wp-content\/uploads\/2022\/06\/12.06.2022-1-500x207.jpg 500w\" sizes=\"auto, (max-width: 1024px) 100vw, 1024px\" \/><\/a><\/figure>\n\n\n\n<figure class=\"wp-block-image size-large\"><a href=\"https:\/\/tc-selters-ww.de\/wp-content\/uploads\/2022\/05\/EVM-Homepage-1-scaled.jpg\"><img loading=\"lazy\" decoding=\"async\" width=\"1024\" height=\"591\" data-id=\"1003\" src=\"https:\/\/tc-selters-ww.de\/wp-content\/uploads\/2022\/05\/EVM-Homepage-1-1024x591.jpg\" alt=\"\" class=\"wp-image-1003\" srcset=\"https:\/\/tc-selters-ww.de\/wp-content\/uploads\/2022\/05\/EVM-Homepage-1-1024x591.jpg 1024w, https:\/\/tc-selters-ww.de\/wp-content\/uploads\/2022\/05\/EVM-Homepage-1-300x173.jpg 300w, https:\/\/tc-selters-ww.de\/wp-content\/uploads\/2022\/05\/EVM-Homepage-1-768x443.jpg 768w, https:\/\/tc-selters-ww.de\/wp-content\/uploads\/2022\/05\/EVM-Homepage-1-1536x887.jpg 1536w, https:\/\/tc-selters-ww.de\/wp-content\/uploads\/2022\/05\/EVM-Homepage-1-2048x1182.jpg 2048w, https:\/\/tc-selters-ww.de\/wp-content\/uploads\/2022\/05\/EVM-Homepage-1-500x289.jpg 500w\" sizes=\"auto, (max-width: 1024px) 100vw, 1024px\" \/><\/a><\/figure>\n\n\n\n<figure class=\"wp-block-image size-large\"><a href=\"https:\/\/tc-selters-ww.de\/wp-content\/uploads\/2021\/07\/Guckheim-e1627203379435.jpg\"><img loading=\"lazy\" decoding=\"async\" width=\"768\" height=\"1024\" data-id=\"884\" src=\"https:\/\/tc-selters-ww.de\/wp-content\/uploads\/2021\/07\/Guckheim-768x1024.jpg\" alt=\"Wir wollen gewinnen!\" class=\"wp-image-884\"\/><\/a><figcaption class=\"wp-element-caption\">Unter Sonnenschein<\/figcaption><\/figure>\n<\/figure>\n","protected":false},"excerpt":{"rendered":"","protected":false},"author":10,"featured_media":0,"parent":0,"menu_order":6,"comment_status":"closed","ping_status":"closed","template":"","meta":{"_kadence_starter_templates_imported_post":false,"footnotes":""},"class_list":["post-232","page","type-page","status-publish","hentry"],"_links":{"self":[{"href":"https:\/\/tc-selters-ww.de\/index.php\/wp-json\/wp\/v2\/pages\/232","targetHints":{"allow":["GET"]}}],"collection":[{"href":"https:\/\/tc-selters-ww.de\/index.php\/wp-json\/wp\/v2\/pages"}],"about":[{"href":"https:\/\/tc-selters-ww.de\/index.php\/wp-json\/wp\/v2\/types\/page"}],"author":[{"embeddable":true,"href":"https:\/\/tc-selters-ww.de\/index.php\/wp-json\/wp\/v2\/users\/10"}],"replies":[{"embeddable":true,"href":"https:\/\/tc-selters-ww.de\/index.php\/wp-json\/wp\/v2\/comments?post=232"}],"version-history":[{"count":10,"href":"https:\/\/tc-selters-ww.de\/index.php\/wp-json\/wp\/v2\/pages\/232\/revisions"}],"predecessor-version":[{"id":1210,"href":"https:\/\/tc-selters-ww.de\/index.php\/wp-json\/wp\/v2\/pages\/232\/revisions\/1210"}],"wp:attachment":[{"href":"https:\/\/tc-selters-ww.de\/index.php\/wp-json\/wp\/v2\/media?parent=232"}],"curies":[{"name":"wp","href":"https:\/\/api.w.org\/{rel}","templated":true}]}}