{"id":65,"date":"2012-12-11T21:43:24","date_gmt":"2012-12-11T21:43:24","guid":{"rendered":"http:\/\/localhost\/wordpress\/?page_id=65"},"modified":"2012-12-14T02:33:04","modified_gmt":"2012-12-14T01:33:04","slug":"der-verein","status":"publish","type":"page","link":"https:\/\/tc-selters-ww.de\/index.php\/der-verein\/","title":{"rendered":"Der Verein"},"content":{"rendered":"<p>Der TC Selters e.V. wurde 1974 gegr\u00fcndet und ist der einzige Tennisverein in Selters.<\/p>\n<p>Den rund 120 Mitgliedern stehen 4 Aschepl\u00e4tze und ein gem\u00fctliches Clubhaus in landschaftlich und verkehrsm\u00e4\u00dfig bevorzugter Lage zur Verf\u00fcgung.<\/p>\n<p>Der Verein hat 8 Mannschaften, welche an den Medenrunden teilnehmen. Davon werden 4 Mannschaften von der Jugend aufgestellt. Qualifizierte Trainer und \u00dcbungsleiter sorgen daf\u00fcr, dass Anf\u00e4nger die Grundkenntnisse des Tennissports erlernen und Fortgeschrittene ihre Kenntnisse erweitern und verbessern k\u00f6nnen.<\/p>\n<p>Zum Saisonbeginn findet das j\u00e4hrliche &#8222;Antennis&#8220; statt, zudem jeder herzlich eingeladen ist in den Tennissport hineinzuschnuppern. Weitere Veranstaltungen werden unter der Rubrik Termine und Aktuelles regelm\u00e4\u00dfig angek\u00fcndigt.\u00a0 Schauen Sie doch einfach mal vorbei!<\/p>\n<p>F\u00fcr weitere Informationen steht Ihnen der Vorstand gerne zur Verf\u00fcgung.<\/p>\n","protected":false},"excerpt":{"rendered":"<p>Der TC Selters e.V. wurde 1974 gegr\u00fcndet und ist der einzige Tennisverein in Selters. Den rund 120 Mitgliedern stehen 4 Aschepl\u00e4tze und ein gem\u00fctliches Clubhaus in landschaftlich und verkehrsm\u00e4\u00dfig bevorzugter Lage zur Verf\u00fcgung. Der Verein hat 8 Mannschaften, welche an den Medenrunden teilnehmen. Davon werden 4 Mannschaften von der Jugend aufgestellt. Qualifizierte Trainer und \u00dcbungsleiter [&hellip;]<\/p>\n","protected":false},"author":10,"featured_media":0,"parent":0,"menu_order":1,"comment_status":"closed","ping_status":"closed","template":"sidebar-page.php","meta":{"_kadence_starter_templates_imported_post":false,"footnotes":""},"class_list":["post-65","page","type-page","status-publish","hentry"],"_links":{"self":[{"href":"https:\/\/tc-selters-ww.de\/index.php\/wp-json\/wp\/v2\/pages\/65","targetHints":{"allow":["GET"]}}],"collection":[{"href":"https:\/\/tc-selters-ww.de\/index.php\/wp-json\/wp\/v2\/pages"}],"about":[{"href":"https:\/\/tc-selters-ww.de\/index.php\/wp-json\/wp\/v2\/types\/page"}],"author":[{"embeddable":true,"href":"https:\/\/tc-selters-ww.de\/index.php\/wp-json\/wp\/v2\/users\/10"}],"replies":[{"embeddable":true,"href":"https:\/\/tc-selters-ww.de\/index.php\/wp-json\/wp\/v2\/comments?post=65"}],"version-history":[{"count":2,"href":"https:\/\/tc-selters-ww.de\/index.php\/wp-json\/wp\/v2\/pages\/65\/revisions"}],"predecessor-version":[{"id":279,"href":"https:\/\/tc-selters-ww.de\/index.php\/wp-json\/wp\/v2\/pages\/65\/revisions\/279"}],"wp:attachment":[{"href":"https:\/\/tc-selters-ww.de\/index.php\/wp-json\/wp\/v2\/media?parent=65"}],"curies":[{"name":"wp","href":"https:\/\/api.w.org\/{rel}","templated":true}]}}