{"id":67,"date":"2012-12-11T21:44:04","date_gmt":"2012-12-11T21:44:04","guid":{"rendered":"http:\/\/localhost\/wordpress\/?page_id=67"},"modified":"2025-11-08T12:07:52","modified_gmt":"2025-11-08T11:07:52","slug":"chronik","status":"publish","type":"page","link":"https:\/\/tc-selters-ww.de\/index.php\/der-verein\/chronik\/","title":{"rendered":"Chronik des Tennisclub Selters e.V. 1974"},"content":{"rendered":"\n<p>Schon um 1900 wurde in Selters Tennis gespielt \u2013 der damalige Club hatte seinen Platz auf dem M\u00fchlberg. \u00dcber sein Ende ist nichts bekannt, doch Zeitungsberichte aus 1898 und 1903 belegen Turniere gegen den TC Montabaur.<\/p>\n\n\n\n<p>Nach langer Pause wurde der Tennis-Club Selters e.V. am 18. August 1974 neu gegr\u00fcndet.<\/p>\n\n\n\n<p>Gr\u00fcnder und erster Vorsitzender war Dr. Rolf Nickel, unterst\u00fctzt von engagierten Familien wie List, Fichter, M\u00fcller, Derksen, Frensch und Schmitz, die sogar eine B\u00fcrgschaft \u00fcber 30.000 DM \u00fcbernahmen.<\/p>\n\n\n\n<p>Gespielt wurde zun\u00e4chst auf zwei Asphaltpl\u00e4tzen an der Klingelwiese.<\/p>\n\n\n\n<p>Unter Ernst Wei\u00dfenborn entstand 1986 die neue Anlage mit drei Sandpl\u00e4tzen am Tannenhof-R\u00fcckersteg, 1990 folgte der vierte Platz. Das in Eigenleistung erbaute Clubhaus ist bis heute der Mittelpunkt des Vereinslebens.<\/p>\n\n\n\n<p>2002 wurde die Terrasse erneuert \u2013 ein beliebter Treffpunkt nach spannenden Matches.<\/p>\n\n\n\n<p>In den folgenden Jahren f\u00fchrten Fritz Hens, Werner Borutta, Udo Schr\u00f6er, Ahmet Gezer, Ingrid Fichter und Astrid Schlemminger den Verein.<\/p>\n\n\n\n<p>Ein besonderes Dankesch\u00f6n gilt Platzwart Harald Riesner, der die Anlage seit Jahrzehnten in bestem Zustand h\u00e4lt.<\/p>\n\n\n\n<p>Sportlich sorgten die Herren 55 und 65+ der SG Selters\/Herschbach f\u00fcr Furore:<\/p>\n\n\n\n<p>2005, 2008 und 2009 gelang ihnen der Aufstieg bis in die Regionalliga \u2013 ein gro\u00dfer Erfolg f\u00fcr den TC Selters.<\/p>\n\n\n\n<p>Ein herausragendes Beispiel f\u00fcr Engagement ist Edith Krummeich, die 35 Jahre lang die Jugendarbeit pr\u00e4gte.<\/p>\n\n\n\n<p>Heute, im Jahr 2025, f\u00fchren Leonie Nikqi (1. Vorsitzende) und Michelle Horn (2. Vorsitzende) den Verein mit neuer Energie und frischen Ideen weiter.<\/p>\n\n\n\n<p>Der Tennis-Club Selters e.V. steht auch nach \u00fcber 50 Jahren f\u00fcr Tradition, Leidenschaft und Gemeinschaft \u2013 auf und neben dem Platz.<\/p>\n","protected":false},"excerpt":{"rendered":"<p>Schon um 1900 wurde in Selters Tennis gespielt \u2013 der damalige Club hatte seinen Platz auf dem M\u00fchlberg. \u00dcber sein Ende ist nichts bekannt, doch Zeitungsberichte aus 1898 und 1903 belegen Turniere gegen den TC Montabaur. Nach langer Pause wurde der Tennis-Club Selters e.V. am 18. August 1974 neu gegr\u00fcndet. Gr\u00fcnder und erster Vorsitzender war [&hellip;]<\/p>\n","protected":false},"author":10,"featured_media":0,"parent":65,"menu_order":0,"comment_status":"closed","ping_status":"closed","template":"","meta":{"_kadence_starter_templates_imported_post":false,"footnotes":""},"class_list":["post-67","page","type-page","status-publish","hentry"],"_links":{"self":[{"href":"https:\/\/tc-selters-ww.de\/index.php\/wp-json\/wp\/v2\/pages\/67","targetHints":{"allow":["GET"]}}],"collection":[{"href":"https:\/\/tc-selters-ww.de\/index.php\/wp-json\/wp\/v2\/pages"}],"about":[{"href":"https:\/\/tc-selters-ww.de\/index.php\/wp-json\/wp\/v2\/types\/page"}],"author":[{"embeddable":true,"href":"https:\/\/tc-selters-ww.de\/index.php\/wp-json\/wp\/v2\/users\/10"}],"replies":[{"embeddable":true,"href":"https:\/\/tc-selters-ww.de\/index.php\/wp-json\/wp\/v2\/comments?post=67"}],"version-history":[{"count":2,"href":"https:\/\/tc-selters-ww.de\/index.php\/wp-json\/wp\/v2\/pages\/67\/revisions"}],"predecessor-version":[{"id":1202,"href":"https:\/\/tc-selters-ww.de\/index.php\/wp-json\/wp\/v2\/pages\/67\/revisions\/1202"}],"up":[{"embeddable":true,"href":"https:\/\/tc-selters-ww.de\/index.php\/wp-json\/wp\/v2\/pages\/65"}],"wp:attachment":[{"href":"https:\/\/tc-selters-ww.de\/index.php\/wp-json\/wp\/v2\/media?parent=67"}],"curies":[{"name":"wp","href":"https:\/\/api.w.org\/{rel}","templated":true}]}}