{"id":87,"date":"2012-12-12T14:38:57","date_gmt":"2012-12-12T14:38:57","guid":{"rendered":"http:\/\/localhost\/wordpress\/?page_id=87"},"modified":"2023-03-26T12:24:46","modified_gmt":"2023-03-26T10:24:46","slug":"mannschaften","status":"publish","type":"page","link":"https:\/\/tc-selters-ww.de\/index.php\/mannschaften\/","title":{"rendered":"Mannschaften"},"content":{"rendered":"<p>Der TC Selters hat f\u00fcr die Tennissaison 2023 zwei Mannschaften gestellt.<\/p>\n<p>Auf der Seite des Tennisverband Rheinland e.V. k\u00f6nnen sowohl die Spieltage, als auch die Ergebnisse der vergangenen Spiele eingesehen werden.<\/p>\n<p>Zuschauer sind selbstverst\u00e4ndlich immer gerne gesehen, also schauen Sie doch einfach mal vorbei.<\/p>\n<p>\u00a0<\/p>\n\n\n<h2 class=\"wp-block-heading\">Spielergebnisse<\/h2>\n\n\n\n<figure class=\"wp-block-table\"><table><tbody><tr><td>Damen 1<\/td><td><a href=\"https:\/\/rl-tvrp.liga.nu\/cgi-bin\/WebObjects\/nuLigaTENDE.woa\/wa\/teamPortrait?team=2902091&amp;championship=RL+2023\">TORP<\/a><\/td><\/tr><tr><td>M\u00e4dchen U18 1<\/td><td><a href=\"https:\/\/rl-tvrp.liga.nu\/cgi-bin\/WebObjects\/nuLigaTENDE.woa\/wa\/teamPortrait?team=2902936&amp;championship=RL+2023\">TORP<\/a><\/td><\/tr><\/tbody><\/table><\/figure>\n","protected":false},"excerpt":{"rendered":"<p>Der TC Selters hat f\u00fcr die Tennissaison 2023 zwei Mannschaften gestellt. Auf der Seite des Tennisverband Rheinland e.V. k\u00f6nnen sowohl die Spieltage, als auch die Ergebnisse der vergangenen Spiele eingesehen werden. Zuschauer sind selbstverst\u00e4ndlich immer gerne gesehen, also schauen Sie doch einfach mal vorbei. \u00a0 Spielergebnisse Damen 1 TORP M\u00e4dchen U18 1 TORP<\/p>\n","protected":false},"author":10,"featured_media":0,"parent":0,"menu_order":2,"comment_status":"closed","ping_status":"closed","template":"","meta":{"_kadence_starter_templates_imported_post":false,"footnotes":""},"class_list":["post-87","page","type-page","status-publish","hentry"],"_links":{"self":[{"href":"https:\/\/tc-selters-ww.de\/index.php\/wp-json\/wp\/v2\/pages\/87","targetHints":{"allow":["GET"]}}],"collection":[{"href":"https:\/\/tc-selters-ww.de\/index.php\/wp-json\/wp\/v2\/pages"}],"about":[{"href":"https:\/\/tc-selters-ww.de\/index.php\/wp-json\/wp\/v2\/types\/page"}],"author":[{"embeddable":true,"href":"https:\/\/tc-selters-ww.de\/index.php\/wp-json\/wp\/v2\/users\/10"}],"replies":[{"embeddable":true,"href":"https:\/\/tc-selters-ww.de\/index.php\/wp-json\/wp\/v2\/comments?post=87"}],"version-history":[{"count":20,"href":"https:\/\/tc-selters-ww.de\/index.php\/wp-json\/wp\/v2\/pages\/87\/revisions"}],"predecessor-version":[{"id":1157,"href":"https:\/\/tc-selters-ww.de\/index.php\/wp-json\/wp\/v2\/pages\/87\/revisions\/1157"}],"wp:attachment":[{"href":"https:\/\/tc-selters-ww.de\/index.php\/wp-json\/wp\/v2\/media?parent=87"}],"curies":[{"name":"wp","href":"https:\/\/api.w.org\/{rel}","templated":true}]}}